{"id":23,"date":"2022-02-17T11:13:44","date_gmt":"2022-02-17T10:13:44","guid":{"rendered":"http:\/\/www.doktorakustik.de\/?page_id=23"},"modified":"2023-02-14T10:27:01","modified_gmt":"2023-02-14T09:27:01","slug":"teluro","status":"publish","type":"page","link":"https:\/\/www.doktorakustik.de\/","title":{"rendered":"Doktor Akustik &#8211; Wir beantworten Ihre Fragen zur Akustik in Ihrem Raum."},"content":{"rendered":"\n<h3 class=\"wp-block-heading\" id=\"wir-beantworten-ihre-fragen-zur-akustik-in-ihrem-raum\">Wir beantworten Ihre Fragen zur Akustik in Ihrem Raum<\/h3>\n\n\n\n<p>Unsere Erfahrung zeigt:  <br>Oftmals lassen sich grundlegende Fehler und Unsicherheiten bei der Raumakustik durch eine ausf\u00fchrliche und individuelle Beratung beseitigen.<\/p>\n\n\n\n<p>Sei es f\u00fcr Studios, HiFi R\u00e4ume oder private Wohnr\u00e4ume &#8211; bei der sinnvollen Gestaltung der Raumakustik gibt es viele Fragen und prinzipielle Fallstricke, die durch unsere professionelle Expertise gel\u00f6st werden k\u00f6nnen:<\/p>\n\n\n\n<ul class=\"wp-block-list\">\n<li>Welche <strong>akustischen Verbesserungen<\/strong> sind f\u00fcr meinen Raum sinnvoll?<\/li>\n\n\n\n<li>Mir gefallen die <strong>Akustikmodule<\/strong> der Firma XY. Sind diese f\u00fcr meinen Raum geeignet?<\/li>\n\n\n\n<li>Ich habe meine Raumakustik <strong>selbst geplant<\/strong>. Habe ich alles richtig gemacht?<\/li>\n\n\n\n<li>Unsere <strong>Privatr\u00e4ume<\/strong> sind zu laut, man kann sich nicht unterhalten. Was kann ich tun?<\/li>\n\n\n\n<li>Ich habe <strong>Messdaten<\/strong> meines Raumes: Was bedeuten diese?<br>\u2026<\/li>\n<\/ul>\n\n\n\n<h3 class=\"wp-block-heading\" id=\"individuelle-beratung-zur-verbesserung-der-raumakustik\">Individuelle Online Beratung zur Verbesserung der Raumakustik<\/h3>\n\n\n\n<p>Generelle Tipps und Handlungsempfehlungen helfen wenig, denn jeder Raum hat seine eigenen akustischen Herausforderungen.<\/p>\n\n\n\n<p>In unserer Online Sprechstunde widmen wir uns 45 min via Video Konferenz oder telefonisch exklusiv Ihrem Raum und besprechen gerne all Ihre Fragen zur Raumakustik. Diese individuelle Beratung bieten wir Ihnen f\u00fcr 120 \u20ac inkl. MwSt. zahlbar auf Rechnung an.<br><br>F\u00fcr eine Terminvereinbarung senden Sie uns einfach das ausgef\u00fcllte Kontaktformular zu. Wir melden uns bei Ihnen, kl\u00e4ren vorab Ihre Fragestellung und vereinbaren dann einen passenden Termin mit Ihnen.<\/p>\n\n\n\n<p><\/p>\n\n\n\n<div class=\"wp-block-contact-form-7-contact-form-selector\">\n<div class=\"wpcf7 no-js\" id=\"wpcf7-f229-o1\" lang=\"de-DE\" dir=\"ltr\" data-wpcf7-id=\"229\">\n<div class=\"screen-reader-response\"><p role=\"status\" aria-live=\"polite\" aria-atomic=\"true\"><\/p> <ul><\/ul><\/div>\n<form action=\"\/index.php?rest_route=%2Fwp%2Fv2%2Fpages%2F23#wpcf7-f229-o1\" method=\"post\" class=\"wpcf7-form init wpcf7-acceptance-as-validation\" aria-label=\"Kontaktformular\" novalidate=\"novalidate\" data-status=\"init\">\n<fieldset class=\"hidden-fields-container\"><input type=\"hidden\" name=\"_wpcf7\" value=\"229\" \/><input type=\"hidden\" name=\"_wpcf7_version\" value=\"6.1.5\" \/><input type=\"hidden\" name=\"_wpcf7_locale\" value=\"de_DE\" \/><input type=\"hidden\" name=\"_wpcf7_unit_tag\" value=\"wpcf7-f229-o1\" \/><input type=\"hidden\" name=\"_wpcf7_container_post\" value=\"0\" \/><input type=\"hidden\" name=\"_wpcf7_posted_data_hash\" value=\"\" \/>\n<\/fieldset>\n<div class=\"custom-form\">\n\t<p><label> Ihr Name*<br \/>\n<span class=\"wpcf7-form-control-wrap\" data-name=\"your-name\"><input size=\"40\" maxlength=\"400\" class=\"wpcf7-form-control wpcf7-text wpcf7-validates-as-required\" id=\"your-name\" aria-required=\"true\" aria-invalid=\"false\" value=\"\" type=\"text\" name=\"your-name\" \/><\/span> <\/label>\n\t<\/p>\n\t<p><label> Ihre E-Mail-Adresse*<br \/>\n<span class=\"wpcf7-form-control-wrap\" data-name=\"your-email\"><input size=\"40\" maxlength=\"400\" class=\"wpcf7-form-control wpcf7-email wpcf7-validates-as-required wpcf7-text wpcf7-validates-as-email\" id=\"your-email\" aria-required=\"true\" aria-invalid=\"false\" value=\"\" type=\"email\" name=\"your-email\" \/><\/span> <\/label>\n\t<\/p>\n\t<p><label> Ihre Telefonnummer<br \/>\n<span class=\"wpcf7-form-control-wrap\" data-name=\"your-tel\"><input size=\"40\" maxlength=\"400\" class=\"wpcf7-form-control wpcf7-tel wpcf7-text wpcf7-validates-as-tel\" id=\"your-tel\" aria-invalid=\"false\" value=\"\" type=\"tel\" name=\"your-tel\" \/><\/span> <\/label>\n\t<\/p>\n\t<p><label> Ihre Nachricht<br \/>\n<span class=\"wpcf7-form-control-wrap\" data-name=\"your-message\"><textarea cols=\"40\" rows=\"10\" maxlength=\"2000\" class=\"wpcf7-form-control wpcf7-textarea\" aria-invalid=\"false\" name=\"your-message\">Hallo DoktorAkustik, ich w\u00fcrde gerne einen Sprechstunden Termin vereinbaren.<\/textarea><\/span> <\/label>\n\t<\/p>\n\t<p><span class=\"wpcf7-form-control-wrap\" data-name=\"datenschutz\"><span class=\"wpcf7-form-control wpcf7-checkbox wpcf7-validates-as-required\" id=\"datenschutz\"><span class=\"wpcf7-list-item first last\"><input type=\"checkbox\" name=\"datenschutz[]\" value=\"* Ich habe die Datenschutzhinweise gelesen und akzeptiert.\" \/><span class=\"wpcf7-list-item-label\">* Ich habe die Datenschutzhinweise gelesen und akzeptiert.<\/span><\/span><\/span><\/span><br \/>\n<a href='http:\/\/www.doktorakustik.de\/?page_id=3'>Datenschutzhinweise lesen<\/a>\n\t<\/p>\n\t<p><span id=\"wpcf7-69f2d8e051e1e-wrapper\" class=\"wpcf7-form-control-wrap your-website-wrap\" style=\"display:none !important; visibility:hidden !important;\"><label for=\"wpcf7-69f2d8e051e1e-field\" class=\"hp-message\">Bitte lasse dieses Feld leer.<\/label><input id=\"wpcf7-69f2d8e051e1e-field\"  class=\"wpcf7-form-control wpcf7-text\" type=\"text\" name=\"your-website\" value=\"\" size=\"40\" tabindex=\"-1\" autocomplete=\"new-password\" \/><\/span>\n\t<\/p>\n\t<p><small>*Pflichtfeld<\/small>\n\t<\/p>\n\t<p><input class=\"wpcf7-form-control wpcf7-submit has-spinner\" type=\"submit\" value=\"Senden\" \/>\n\t<\/p>\n<\/div><div class=\"wpcf7-response-output\" aria-hidden=\"true\"><\/div>\n<\/form>\n<\/div>\n<\/div>\n\n\n\n<div style=\"height:100px\" aria-hidden=\"true\" class=\"wp-block-spacer\"><\/div>\n\n\n\n<h3 class=\"wp-block-heading\" id=\"uber-doktor-akustik\">\u00dcber Doktor Akustik<\/h3>\n\n\n\n<p>Doktor Akustik ist ein Service von <a rel=\"noreferrer noopener\" href=\"https:\/\/www.auriakustik.de\/ueber-uns\/\" target=\"_blank\">Auri Akustik &#8211; Dr.-Ing. Benedikt Kohout<\/a>. Doktor Akustik entwickelte sich aus der Erkenntnis, dass es zu viele schlecht klingende R\u00e4ume auf dieser Welt gibt.<\/p>\n\n\n\n<div style=\"height:41px\" aria-hidden=\"true\" class=\"wp-block-spacer\"><\/div>\n\n\n\n<p><a href=\"https:\/\/www.doktorakustik.de\/?page_id=169\" target=\"_blank\" rel=\"noreferrer noopener\">Impressum<\/a><br><a href=\"https:\/\/www.doktorakustik.de\/?page_id=3\">Datenschut<\/a><a href=\"https:\/\/www.doktorakustik.de\/?page_id=3\" target=\"_blank\" rel=\"noreferrer noopener\">z<\/a><\/p>\n\n\n\n<p><\/p>\n","protected":false},"excerpt":{"rendered":"<p>Wir beantworten Ihre Fragen zur Akustik in Ihrem Raum Unsere Erfahrung zeigt: Oftmals lassen sich grundlegende Fehler und Unsicherheiten bei der Raumakustik durch eine ausf\u00fchrliche und individuelle Beratung beseitigen. Sei es f\u00fcr Studios, HiFi R\u00e4ume oder private Wohnr\u00e4ume &#8211; bei der sinnvollen Gestaltung der Raumakustik gibt es viele Fragen und prinzipielle Fallstricke, die durch unsere [&hellip;]<\/p>\n","protected":false},"author":1,"featured_media":0,"parent":0,"menu_order":0,"comment_status":"closed","ping_status":"closed","template":"","meta":{"footnotes":""},"class_list":["post-23","page","type-page","status-publish","hentry"],"yoast_head":"<!-- This site is optimized with the Yoast SEO plugin v27.5 - https:\/\/yoast.com\/product\/yoast-seo-wordpress\/ -->\n<title>Doktor Akustik - Wir beantworten Ihre Fragen zur Akustik in Ihrem Raum. - DoktorAkustik.de<\/title>\n<meta name=\"description\" content=\"Doktor Akustik - Wir beantworten Ihre Fragen zur Akustik in Ihrem Raum. Individuelle Online Beratung zur Verbesserung der Raumakustik.\" \/>\n<meta name=\"robots\" content=\"index, follow, max-snippet:-1, max-image-preview:large, max-video-preview:-1\" \/>\n<link rel=\"canonical\" href=\"https:\/\/www.doktorakustik.de\/\" \/>\n<meta property=\"og:locale\" content=\"de_DE\" \/>\n<meta property=\"og:type\" content=\"article\" \/>\n<meta property=\"og:title\" content=\"Doktor Akustik - Wir beantworten Ihre Fragen zur Akustik in Ihrem Raum. - DoktorAkustik.de\" \/>\n<meta property=\"og:description\" content=\"Doktor Akustik - Wir beantworten Ihre Fragen zur Akustik in Ihrem Raum. Individuelle Online Beratung zur Verbesserung der Raumakustik.\" \/>\n<meta property=\"og:url\" content=\"https:\/\/www.doktorakustik.de\/\" \/>\n<meta property=\"og:site_name\" content=\"DoktorAkustik.de\" \/>\n<meta property=\"article:modified_time\" content=\"2023-02-14T09:27:01+00:00\" \/>\n<meta name=\"twitter:card\" content=\"summary_large_image\" \/>\n<meta name=\"twitter:label1\" content=\"Gesch\u00e4tzte Lesezeit\" \/>\n\t<meta name=\"twitter:data1\" content=\"2\u00a0Minuten\" \/>\n<script type=\"application\/ld+json\" class=\"yoast-schema-graph\">{\"@context\":\"https:\\\/\\\/schema.org\",\"@graph\":[{\"@type\":\"WebPage\",\"@id\":\"https:\\\/\\\/www.doktorakustik.de\\\/\",\"url\":\"https:\\\/\\\/www.doktorakustik.de\\\/\",\"name\":\"Doktor Akustik - Wir beantworten Ihre Fragen zur Akustik in Ihrem Raum. - DoktorAkustik.de\",\"isPartOf\":{\"@id\":\"https:\\\/\\\/www.doktorakustik.de\\\/#website\"},\"datePublished\":\"2022-02-17T10:13:44+00:00\",\"dateModified\":\"2023-02-14T09:27:01+00:00\",\"description\":\"Doktor Akustik - Wir beantworten Ihre Fragen zur Akustik in Ihrem Raum. Individuelle Online Beratung zur Verbesserung der Raumakustik.\",\"breadcrumb\":{\"@id\":\"https:\\\/\\\/www.doktorakustik.de\\\/#breadcrumb\"},\"inLanguage\":\"de\",\"potentialAction\":[{\"@type\":\"ReadAction\",\"target\":[\"https:\\\/\\\/www.doktorakustik.de\\\/\"]}]},{\"@type\":\"BreadcrumbList\",\"@id\":\"https:\\\/\\\/www.doktorakustik.de\\\/#breadcrumb\",\"itemListElement\":[{\"@type\":\"ListItem\",\"position\":1,\"name\":\"Startseite\",\"item\":\"https:\\\/\\\/www.doktorakustik.de\\\/\"},{\"@type\":\"ListItem\",\"position\":2,\"name\":\"Doktor Akustik &#8211; Wir beantworten Ihre Fragen zur Akustik in Ihrem Raum.\"}]},{\"@type\":\"WebSite\",\"@id\":\"https:\\\/\\\/www.doktorakustik.de\\\/#website\",\"url\":\"https:\\\/\\\/www.doktorakustik.de\\\/\",\"name\":\"DoktorAkustik.de\",\"description\":\"Raumakustik online Beratung\",\"publisher\":{\"@id\":\"https:\\\/\\\/www.doktorakustik.de\\\/#organization\"},\"potentialAction\":[{\"@type\":\"SearchAction\",\"target\":{\"@type\":\"EntryPoint\",\"urlTemplate\":\"https:\\\/\\\/www.doktorakustik.de\\\/?s={search_term_string}\"},\"query-input\":{\"@type\":\"PropertyValueSpecification\",\"valueRequired\":true,\"valueName\":\"search_term_string\"}}],\"inLanguage\":\"de\"},{\"@type\":\"Organization\",\"@id\":\"https:\\\/\\\/www.doktorakustik.de\\\/#organization\",\"name\":\"DoktorAkustik.de\",\"url\":\"https:\\\/\\\/www.doktorakustik.de\\\/\",\"logo\":{\"@type\":\"ImageObject\",\"inLanguage\":\"de\",\"@id\":\"https:\\\/\\\/www.doktorakustik.de\\\/#\\\/schema\\\/logo\\\/image\\\/\",\"url\":\"https:\\\/\\\/www.doktorakustik.de\\\/wp-content\\\/uploads\\\/2022\\\/02\\\/AURI-LOGO-Feuerwasser2019-PNG-e1645446488822.png\",\"contentUrl\":\"https:\\\/\\\/www.doktorakustik.de\\\/wp-content\\\/uploads\\\/2022\\\/02\\\/AURI-LOGO-Feuerwasser2019-PNG-e1645446488822.png\",\"width\":336,\"height\":336,\"caption\":\"DoktorAkustik.de\"},\"image\":{\"@id\":\"https:\\\/\\\/www.doktorakustik.de\\\/#\\\/schema\\\/logo\\\/image\\\/\"}}]}<\/script>\n<!-- \/ Yoast SEO plugin. -->","yoast_head_json":{"title":"Doktor Akustik - Wir beantworten Ihre Fragen zur Akustik in Ihrem Raum. - DoktorAkustik.de","description":"Doktor Akustik - Wir beantworten Ihre Fragen zur Akustik in Ihrem Raum. Individuelle Online Beratung zur Verbesserung der Raumakustik.","robots":{"index":"index","follow":"follow","max-snippet":"max-snippet:-1","max-image-preview":"max-image-preview:large","max-video-preview":"max-video-preview:-1"},"canonical":"https:\/\/www.doktorakustik.de\/","og_locale":"de_DE","og_type":"article","og_title":"Doktor Akustik - Wir beantworten Ihre Fragen zur Akustik in Ihrem Raum. - DoktorAkustik.de","og_description":"Doktor Akustik - Wir beantworten Ihre Fragen zur Akustik in Ihrem Raum. Individuelle Online Beratung zur Verbesserung der Raumakustik.","og_url":"https:\/\/www.doktorakustik.de\/","og_site_name":"DoktorAkustik.de","article_modified_time":"2023-02-14T09:27:01+00:00","twitter_card":"summary_large_image","twitter_misc":{"Gesch\u00e4tzte Lesezeit":"2\u00a0Minuten"},"schema":{"@context":"https:\/\/schema.org","@graph":[{"@type":"WebPage","@id":"https:\/\/www.doktorakustik.de\/","url":"https:\/\/www.doktorakustik.de\/","name":"Doktor Akustik - Wir beantworten Ihre Fragen zur Akustik in Ihrem Raum. - DoktorAkustik.de","isPartOf":{"@id":"https:\/\/www.doktorakustik.de\/#website"},"datePublished":"2022-02-17T10:13:44+00:00","dateModified":"2023-02-14T09:27:01+00:00","description":"Doktor Akustik - Wir beantworten Ihre Fragen zur Akustik in Ihrem Raum. Individuelle Online Beratung zur Verbesserung der Raumakustik.","breadcrumb":{"@id":"https:\/\/www.doktorakustik.de\/#breadcrumb"},"inLanguage":"de","potentialAction":[{"@type":"ReadAction","target":["https:\/\/www.doktorakustik.de\/"]}]},{"@type":"BreadcrumbList","@id":"https:\/\/www.doktorakustik.de\/#breadcrumb","itemListElement":[{"@type":"ListItem","position":1,"name":"Startseite","item":"https:\/\/www.doktorakustik.de\/"},{"@type":"ListItem","position":2,"name":"Doktor Akustik &#8211; Wir beantworten Ihre Fragen zur Akustik in Ihrem Raum."}]},{"@type":"WebSite","@id":"https:\/\/www.doktorakustik.de\/#website","url":"https:\/\/www.doktorakustik.de\/","name":"DoktorAkustik.de","description":"Raumakustik online Beratung","publisher":{"@id":"https:\/\/www.doktorakustik.de\/#organization"},"potentialAction":[{"@type":"SearchAction","target":{"@type":"EntryPoint","urlTemplate":"https:\/\/www.doktorakustik.de\/?s={search_term_string}"},"query-input":{"@type":"PropertyValueSpecification","valueRequired":true,"valueName":"search_term_string"}}],"inLanguage":"de"},{"@type":"Organization","@id":"https:\/\/www.doktorakustik.de\/#organization","name":"DoktorAkustik.de","url":"https:\/\/www.doktorakustik.de\/","logo":{"@type":"ImageObject","inLanguage":"de","@id":"https:\/\/www.doktorakustik.de\/#\/schema\/logo\/image\/","url":"https:\/\/www.doktorakustik.de\/wp-content\/uploads\/2022\/02\/AURI-LOGO-Feuerwasser2019-PNG-e1645446488822.png","contentUrl":"https:\/\/www.doktorakustik.de\/wp-content\/uploads\/2022\/02\/AURI-LOGO-Feuerwasser2019-PNG-e1645446488822.png","width":336,"height":336,"caption":"DoktorAkustik.de"},"image":{"@id":"https:\/\/www.doktorakustik.de\/#\/schema\/logo\/image\/"}}]}},"_links":{"self":[{"href":"https:\/\/www.doktorakustik.de\/index.php?rest_route=\/wp\/v2\/pages\/23","targetHints":{"allow":["GET"]}}],"collection":[{"href":"https:\/\/www.doktorakustik.de\/index.php?rest_route=\/wp\/v2\/pages"}],"about":[{"href":"https:\/\/www.doktorakustik.de\/index.php?rest_route=\/wp\/v2\/types\/page"}],"author":[{"embeddable":true,"href":"https:\/\/www.doktorakustik.de\/index.php?rest_route=\/wp\/v2\/users\/1"}],"replies":[{"embeddable":true,"href":"https:\/\/www.doktorakustik.de\/index.php?rest_route=%2Fwp%2Fv2%2Fcomments&post=23"}],"version-history":[{"count":19,"href":"https:\/\/www.doktorakustik.de\/index.php?rest_route=\/wp\/v2\/pages\/23\/revisions"}],"predecessor-version":[{"id":742,"href":"https:\/\/www.doktorakustik.de\/index.php?rest_route=\/wp\/v2\/pages\/23\/revisions\/742"}],"wp:attachment":[{"href":"https:\/\/www.doktorakustik.de\/index.php?rest_route=%2Fwp%2Fv2%2Fmedia&parent=23"}],"curies":[{"name":"wp","href":"https:\/\/api.w.org\/{rel}","templated":true}]}}